{"id":33618,"date":"2025-05-04T23:39:24","date_gmt":"2025-05-04T20:39:24","guid":{"rendered":"https:\/\/mumsynatural.com\/mumsy\/satis-kanallari\/"},"modified":"2026-01-06T22:29:11","modified_gmt":"2026-01-06T19:29:11","slug":"stores-retailers","status":"publish","type":"page","link":"https:\/\/mumsynatural.com\/en\/about-us\/stores-retailers\/","title":{"rendered":"Stores &#038; Retailers"},"content":{"rendered":"\t\t<div data-elementor-type=\"wp-page\" data-elementor-id=\"33618\" class=\"elementor elementor-33618 elementor-33613\" data-elementor-post-type=\"page\">\n\t\t\t\t<div class=\"wd-negative-gap elementor-element elementor-element-2a817a7 wd-section-stretch e-flex e-con-boxed e-con e-parent\" data-id=\"2a817a7\" data-element_type=\"container\" data-settings=\"{&quot;background_background&quot;:&quot;classic&quot;}\">\n\t\t\t\t\t<div class=\"e-con-inner\">\n\t\t\t\t<div class=\"elementor-element elementor-element-9a0c973 elementor-widget elementor-widget-heading\" data-id=\"9a0c973\" data-element_type=\"widget\" data-widget_type=\"heading.default\">\n\t\t\t\t\t<h1 class=\"elementor-heading-title elementor-size-default\">Stores &amp; Retailers<\/h1>\t\t\t\t<\/div>\n\t\t\t\t\t<\/div>\n\t\t\t\t<\/div>\n\t\t<div class=\"wd-negative-gap elementor-element elementor-element-7d0385a e-flex e-con-boxed e-con e-parent\" data-id=\"7d0385a\" data-element_type=\"container\">\n\t\t\t\t\t<div class=\"e-con-inner\">\n\t\t<div class=\"elementor-element elementor-element-f46c692 e-con-full e-flex e-con e-child\" data-id=\"f46c692\" data-element_type=\"container\">\n\t\t\t\t<div class=\"elementor-element elementor-element-53ccb71 elementor-widget elementor-widget-heading\" data-id=\"53ccb71\" data-element_type=\"widget\" data-widget_type=\"heading.default\">\n\t\t\t\t\t<h2 class=\"elementor-heading-title elementor-size-default\">Stores &amp; Retailers<\/h2>\t\t\t\t<\/div>\n\t\t\t\t<div class=\"elementor-element elementor-element-7f039db color-scheme-inherit text-left elementor-widget elementor-widget-text-editor\" data-id=\"7f039db\" data-element_type=\"widget\" data-widget_type=\"text-editor.default\">\n\t\t\t\t\t\t\t\t\t<div dir=\"ltr\">\n<p>Mumsy Natural products are available across Turkey in pharmacies and on trusted online platforms such as Trendyol, Hepsiburada, and Amazon. You can shop with confidence either from the nearest sales point or from our official stores on your preferred online marketplace.<\/p>\n<\/div>\n\t\t\t\t\t\t\t\t<\/div>\n\t\t\t\t<div class=\"elementor-element elementor-element-ea7e1c8 elementor-widget elementor-widget-heading\" data-id=\"ea7e1c8\" data-element_type=\"widget\" data-widget_type=\"heading.default\">\n\t\t\t\t\t<h2 class=\"elementor-heading-title elementor-size-default\">For International Orders<\/h2>\t\t\t\t<\/div>\n\t\t\t\t<div class=\"elementor-element elementor-element-9abf12d color-scheme-inherit text-left elementor-widget elementor-widget-text-editor\" data-id=\"9abf12d\" data-element_type=\"widget\" data-widget_type=\"text-editor.default\">\n\t\t\t\t\t\t\t\t\t<p>Please note: Mumsy Natural delivers only within Turkey through our website. For international shipping, please visit our Amazon US store. Customers living in Azerbaijan, Turkic Republics, and Gulf countries can place their orders through our Trendyol store.<\/p>\n\t\t\t\t\t\t\t\t<\/div>\n\t\t\t\t<\/div>\n\t\t\t\t\t<\/div>\n\t\t\t\t<\/div>\n\t\t<div class=\"wd-negative-gap elementor-element elementor-element-dbe71aa e-flex e-con-boxed e-con e-parent\" data-id=\"dbe71aa\" data-element_type=\"container\">\n\t\t\t\t\t<div class=\"e-con-inner\">\n\t\t\t\t<div class=\"elementor-element elementor-element-3705435 elementor-widget elementor-widget-heading\" data-id=\"3705435\" data-element_type=\"widget\" data-widget_type=\"heading.default\">\n\t\t\t\t\t<h2 class=\"elementor-heading-title elementor-size-default\">Stores &amp; Retailers<\/h2>\t\t\t\t<\/div>\n\t\t\t\t\t<\/div>\n\t\t\t\t<\/div>\n\t\t<div class=\"wd-negative-gap elementor-element elementor-element-c09af4d e-flex e-con-boxed e-con e-parent\" data-id=\"c09af4d\" data-element_type=\"container\">\n\t\t\t\t\t<div class=\"e-con-inner\">\n\t\t<div class=\"elementor-element elementor-element-c4d495a e-con-full e-flex e-con e-child\" data-id=\"c4d495a\" data-element_type=\"container\">\n\t\t\t\t<div class=\"elementor-element elementor-element-c123298 elementor-widget elementor-widget-image\" data-id=\"c123298\" data-element_type=\"widget\" data-widget_type=\"image.default\">\n\t\t\t\t\t\t\t\t\t\t\t\t\t\t\t<img loading=\"lazy\" decoding=\"async\" width=\"180\" height=\"180\" src=\"https:\/\/mumsynatural.com\/wp-content\/uploads\/2025\/12\/mumsy-pazaryeri.webp\" class=\"attachment-large size-large wp-image-36302\" alt=\"Mumsy Natural organik do\u011fal bebek cilt bak\u0131m\u0131 emzirme g\u00f6\u011f\u00fcs ucu yaras\u0131 do\u011fal bebek \u015fampuan\u0131 do\u011fal nemlendirici krem isilik losyonu\" srcset=\"https:\/\/mumsynatural.com\/wp-content\/uploads\/2025\/12\/mumsy-pazaryeri.webp 180w, https:\/\/mumsynatural.com\/wp-content\/uploads\/2025\/12\/mumsy-pazaryeri-150x150.webp 150w\" sizes=\"auto, (max-width: 180px) 100vw, 180px\" \/>\t\t\t\t\t\t\t\t\t\t\t\t\t\t\t<\/div>\n\t\t\t\t<\/div>\n\t\t<div class=\"elementor-element elementor-element-ca7d385 e-con-full e-flex e-con e-child\" data-id=\"ca7d385\" data-element_type=\"container\">\n\t\t\t\t<div class=\"elementor-element elementor-element-4c38173 elementor-widget elementor-widget-image\" data-id=\"4c38173\" data-element_type=\"widget\" data-widget_type=\"image.default\">\n\t\t\t\t\t\t\t\t\t\t\t\t\t\t\t<img loading=\"lazy\" decoding=\"async\" width=\"180\" height=\"180\" src=\"https:\/\/mumsynatural.com\/wp-content\/uploads\/2025\/12\/amazon.webp\" class=\"attachment-large size-large wp-image-36300\" alt=\"Mumsy Natural - Amazon Pazaryeri\" srcset=\"https:\/\/mumsynatural.com\/wp-content\/uploads\/2025\/12\/amazon.webp 180w, https:\/\/mumsynatural.com\/wp-content\/uploads\/2025\/12\/amazon-150x150.webp 150w\" sizes=\"auto, (max-width: 180px) 100vw, 180px\" \/>\t\t\t\t\t\t\t\t\t\t\t\t\t\t\t<\/div>\n\t\t\t\t<\/div>\n\t\t<div class=\"elementor-element elementor-element-3598976 e-con-full e-flex e-con e-child\" data-id=\"3598976\" data-element_type=\"container\">\n\t\t\t\t<div class=\"elementor-element elementor-element-c05bd77 elementor-widget elementor-widget-image\" data-id=\"c05bd77\" data-element_type=\"widget\" data-widget_type=\"image.default\">\n\t\t\t\t\t\t\t\t\t\t\t\t\t\t\t\t<a href=\"https:\/\/www.hepsiburada.com\/magaza\/mumsy-natural\" target=\"_blank\" rel=\"noopener\">\n\t\t\t\t\t\t\t<img loading=\"lazy\" decoding=\"async\" width=\"180\" height=\"180\" src=\"https:\/\/mumsynatural.com\/wp-content\/uploads\/2025\/12\/hepsiburada.webp\" class=\"attachment-large size-large wp-image-36298\" alt=\"Mumsy Natural - hepsiburada Pazaryeri\" srcset=\"https:\/\/mumsynatural.com\/wp-content\/uploads\/2025\/12\/hepsiburada.webp 180w, https:\/\/mumsynatural.com\/wp-content\/uploads\/2025\/12\/hepsiburada-150x150.webp 150w\" sizes=\"auto, (max-width: 180px) 100vw, 180px\" \/>\t\t\t\t\t\t\t\t<\/a>\n\t\t\t\t\t\t\t\t\t\t\t\t\t\t\t<\/div>\n\t\t\t\t<\/div>\n\t\t<div class=\"elementor-element elementor-element-3b8ca19 e-con-full e-flex e-con e-child\" data-id=\"3b8ca19\" data-element_type=\"container\">\n\t\t\t\t<div class=\"elementor-element elementor-element-75482d1 elementor-widget elementor-widget-image\" data-id=\"75482d1\" data-element_type=\"widget\" data-widget_type=\"image.default\">\n\t\t\t\t\t\t\t\t\t\t\t\t\t\t\t\t<a href=\"https:\/\/ty.gl\/nlw2dgn5d665f\" target=\"_blank\" rel=\"noopener\">\n\t\t\t\t\t\t\t<img loading=\"lazy\" decoding=\"async\" width=\"180\" height=\"180\" src=\"https:\/\/mumsynatural.com\/wp-content\/uploads\/2025\/12\/trendyol.webp\" class=\"attachment-large size-large wp-image-36296\" alt=\"Mumsy Natural - trendyol Pazaryeri\" srcset=\"https:\/\/mumsynatural.com\/wp-content\/uploads\/2025\/12\/trendyol.webp 180w, https:\/\/mumsynatural.com\/wp-content\/uploads\/2025\/12\/trendyol-150x150.webp 150w\" sizes=\"auto, (max-width: 180px) 100vw, 180px\" \/>\t\t\t\t\t\t\t\t<\/a>\n\t\t\t\t\t\t\t\t\t\t\t\t\t\t\t<\/div>\n\t\t\t\t<\/div>\n\t\t<div class=\"elementor-element elementor-element-13a1acb e-con-full e-flex e-con e-child\" data-id=\"13a1acb\" data-element_type=\"container\">\n\t\t\t\t<div class=\"elementor-element elementor-element-97a113e elementor-widget elementor-widget-image\" data-id=\"97a113e\" data-element_type=\"widget\" data-widget_type=\"image.default\">\n\t\t\t\t\t\t\t\t\t\t\t\t\t\t\t<img loading=\"lazy\" decoding=\"async\" width=\"180\" height=\"180\" src=\"https:\/\/mumsynatural.com\/wp-content\/uploads\/2025\/12\/n11.webp\" class=\"attachment-large size-large wp-image-36306\" alt=\"Mumsy Natural - N11 Pazaryeri\" srcset=\"https:\/\/mumsynatural.com\/wp-content\/uploads\/2025\/12\/n11.webp 180w, https:\/\/mumsynatural.com\/wp-content\/uploads\/2025\/12\/n11-150x150.webp 150w\" sizes=\"auto, (max-width: 180px) 100vw, 180px\" \/>\t\t\t\t\t\t\t\t\t\t\t\t\t\t\t<\/div>\n\t\t\t\t<\/div>\n\t\t<div class=\"elementor-element elementor-element-85e5a60 e-con-full e-flex e-con e-child\" data-id=\"85e5a60\" data-element_type=\"container\">\n\t\t\t\t<div class=\"elementor-element elementor-element-69724af elementor-widget elementor-widget-image\" data-id=\"69724af\" data-element_type=\"widget\" data-widget_type=\"image.default\">\n\t\t\t\t\t\t\t\t\t\t\t\t\t\t\t\t<a href=\"https:\/\/mumsynatural.com\/hakkimizda\/anlasmali-eczaneler\/\">\n\t\t\t\t\t\t\t<img loading=\"lazy\" decoding=\"async\" width=\"180\" height=\"180\" src=\"https:\/\/mumsynatural.com\/wp-content\/uploads\/2025\/12\/eczaneler.webp\" class=\"attachment-large size-large wp-image-36304\" alt=\"\" srcset=\"https:\/\/mumsynatural.com\/wp-content\/uploads\/2025\/12\/eczaneler.webp 180w, https:\/\/mumsynatural.com\/wp-content\/uploads\/2025\/12\/eczaneler-150x150.webp 150w\" sizes=\"auto, (max-width: 180px) 100vw, 180px\" \/>\t\t\t\t\t\t\t\t<\/a>\n\t\t\t\t\t\t\t\t\t\t\t\t\t\t\t<\/div>\n\t\t\t\t<\/div>\n\t\t\t\t\t<\/div>\n\t\t\t\t<\/div>\n\t\t\t\t<\/div>\n\t\t","protected":false},"excerpt":{"rendered":"<p>Stores &amp; Retailers Stores &amp; Retailers Mumsy Natural products are available across Turkey in pharmacies and on trusted online platforms<\/p>\n","protected":false},"author":1,"featured_media":0,"parent":33494,"menu_order":0,"comment_status":"closed","ping_status":"closed","template":"","meta":{"_acf_changed":false,"footnotes":""},"class_list":["post-33618","page","type-page","status-publish","hentry"],"acf":[],"_links":{"self":[{"href":"https:\/\/mumsynatural.com\/en\/wp-json\/wp\/v2\/pages\/33618","targetHints":{"allow":["GET"]}}],"collection":[{"href":"https:\/\/mumsynatural.com\/en\/wp-json\/wp\/v2\/pages"}],"about":[{"href":"https:\/\/mumsynatural.com\/en\/wp-json\/wp\/v2\/types\/page"}],"author":[{"embeddable":true,"href":"https:\/\/mumsynatural.com\/en\/wp-json\/wp\/v2\/users\/1"}],"replies":[{"embeddable":true,"href":"https:\/\/mumsynatural.com\/en\/wp-json\/wp\/v2\/comments?post=33618"}],"version-history":[{"count":1,"href":"https:\/\/mumsynatural.com\/en\/wp-json\/wp\/v2\/pages\/33618\/revisions"}],"predecessor-version":[{"id":42020,"href":"https:\/\/mumsynatural.com\/en\/wp-json\/wp\/v2\/pages\/33618\/revisions\/42020"}],"up":[{"embeddable":true,"href":"https:\/\/mumsynatural.com\/en\/wp-json\/wp\/v2\/pages\/33494"}],"wp:attachment":[{"href":"https:\/\/mumsynatural.com\/en\/wp-json\/wp\/v2\/media?parent=33618"}],"curies":[{"name":"wp","href":"https:\/\/api.w.org\/{rel}","templated":true}]}}